{"id":865,"date":"2020-08-13T08:38:13","date_gmt":"2020-08-13T08:38:13","guid":{"rendered":"http:\/\/publicidadaviles.com\/castrillon\/?page_id=865"},"modified":"2020-12-15T11:11:38","modified_gmt":"2020-12-15T11:11:38","slug":"el-camino-de-santiago","status":"publish","type":"page","link":"https:\/\/www.castrillonturismo.es\/castrillon\/el-camino-de-santiago\/","title":{"rendered":"El Camino de Santiago"},"content":{"rendered":"<p>[vc_row padding_top_multiplier=\u00bb\u00bb padding_bottom_multiplier=\u00bb\u00bb][vc_column]\n\t\t\t<!-- START Playas 1 REVOLUTION SLIDER 6.2.2 --><p class=\"rs-p-wp-fix\"><\/p>\n\t\t\t<rs-module-wrap id=\"rev_slider_12_1_wrapper\" data-source=\"gallery\" style=\"background:transparent;padding:0;margin:0px auto;margin-top:0;margin-bottom:0;\">\n\t\t\t\t<rs-module id=\"rev_slider_12_1\" style=\"display:none;\" data-version=\"6.2.2\">\n\t\t\t\t\t<rs-slides>\n\t\t\t\t\t\t<rs-slide data-key=\"rs-20\" data-title=\"Slide\" data-anim=\"ei:d;eo:d;s:1000;r:0;t:fade;sl:0;\">\n\t\t\t\t\t\t\t<img src=\"\/\/castrillonturismo.es\/wp-content\/uploads\/2020\/05\/SliderElCamino.jpg\" title=\"SliderElCamino\" width=\"1240\" height=\"780\" data-panzoom=\"d:10000;ss:100;se:115%;\" class=\"rev-slidebg\" data-no-retina>\n<!--\n\t\t\t\t\t\t\t--><rs-layer\n\t\t\t\t\t\t\t\tid=\"slider-12-slide-20-layer-0\" \n\t\t\t\t\t\t\t\tdata-type=\"text\"\n\t\t\t\t\t\t\t\tdata-color=\"#ffffff\"\n\t\t\t\t\t\t\t\tdata-tsh=\"h:1px;v:2px;b:1px;\"\n\t\t\t\t\t\t\t\tdata-rsp_ch=\"on\"\n\t\t\t\t\t\t\t\tdata-xy=\"x:c;y:c;yo:68px;\"\n\t\t\t\t\t\t\t\tdata-text=\"w:normal;ls:2px;\"\n\t\t\t\t\t\t\t\tdata-frame_999=\"o:0;st:w;\"\n\t\t\t\t\t\t\t\tstyle=\"z-index:5;font-family:Poppins;\"\n\t\t\t\t\t\t\t>RECORRIENDO EL PAISAJE MEDIEVAL DE CASTRILL\u00d3N \n\t\t\t\t\t\t\t<\/rs-layer><!--\n\n\t\t\t\t\t\t\t--><rs-layer\n\t\t\t\t\t\t\t\tid=\"slider-12-slide-20-layer-1\" \n\t\t\t\t\t\t\t\tdata-type=\"text\"\n\t\t\t\t\t\t\t\tdata-color=\"#ffffff\"\n\t\t\t\t\t\t\t\tdata-rsp_ch=\"on\"\n\t\t\t\t\t\t\t\tdata-xy=\"x:c;y:c;\"\n\t\t\t\t\t\t\t\tdata-text=\"w:normal;s:90;l:90;fw:600;\"\n\t\t\t\t\t\t\t\tdata-frame_999=\"o:0;st:w;\"\n\t\t\t\t\t\t\t\tstyle=\"z-index:6;font-family:Poppins;\"\n\t\t\t\t\t\t\t>El camino \n\t\t\t\t\t\t\t<\/rs-layer><!--\n\n\t\t\t\t\t\t\t--><rs-layer\n\t\t\t\t\t\t\t\tid=\"slider-12-slide-20-layer-3\" \n\t\t\t\t\t\t\t\tclass=\"rev-btn\"\n\t\t\t\t\t\t\t\tdata-type=\"button\"\n\t\t\t\t\t\t\t\tdata-color=\"#ffffff\"\n\t\t\t\t\t\t\t\tdata-rsp_ch=\"on\"\n\t\t\t\t\t\t\t\tdata-xy=\"x:c;y:c;yo:115px;\"\n\t\t\t\t\t\t\t\tdata-text=\"w:normal;s:14;l:40;ls:1px;fw:600;\"\n\t\t\t\t\t\t\t\tdata-dim=\"minh:0px;\"\n\t\t\t\t\t\t\t\tdata-actions='id:mapa;o:click;a:scrollto;offset:-50px;sp:1500ms;e:power1.inOut;'\n\t\t\t\t\t\t\t\tdata-padding=\"r:25;l:25;\"\n\t\t\t\t\t\t\t\tdata-frame_999=\"o:0;st:w;\"\n\t\t\t\t\t\t\t\tdata-frame_hover=\"bgc:#1a3c6f;bor:0px,0px,0px,0px;bri:120%;\"\n\t\t\t\t\t\t\t\tstyle=\"z-index:7;background-color:#1fbaad;font-family:Poppins;\"\n\t\t\t\t\t\t\t>CONSULTA PUNTOS DE INTER\u00c9S EN EL MAPA \n\t\t\t\t\t\t\t<\/rs-layer><!--\n-->\t\t\t\t\t\t<\/rs-slide>\n\t\t\t\t\t<\/rs-slides>\n\t\t\t\t\t<rs-progress class=\"rs-bottom\" style=\"visibility: hidden !important;\"><\/rs-progress>\n\t\t\t\t<\/rs-module>\n\t\t\t\t<script type=\"text\/javascript\">\n\t\t\t\t\tsetREVStartSize({c: 'rev_slider_12_1',rl:[1240,1024,778,480],el:[780],gw:[1240],gh:[780],type:'standard',justify:'',layout:'fullwidth',mh:\"0\"});\n\t\t\t\t\tvar\trevapi12,\n\t\t\t\t\t\ttpj;\n\t\t\t\t\tjQuery(function() {\n\t\t\t\t\t\ttpj = jQuery;\n\t\t\t\t\t\tif(tpj(\"#rev_slider_12_1\").revolution == undefined){\n\t\t\t\t\t\t\trevslider_showDoubleJqueryError(\"#rev_slider_12_1\");\n\t\t\t\t\t\t}else{\n\t\t\t\t\t\t\trevapi12 = tpj(\"#rev_slider_12_1\").show().revolution({\n\t\t\t\t\t\t\t\tjsFileLocation:\"\/\/www.castrillonturismo.es\/wp-content\/plugins\/revslider\/public\/assets\/js\/\",\n\t\t\t\t\t\t\t\tsliderLayout:\"fullwidth\",\n\t\t\t\t\t\t\t\tduration:\"4000ms\",\n\t\t\t\t\t\t\t\tvisibilityLevels:\"1240,1024,778,480\",\n\t\t\t\t\t\t\t\tgridwidth:1240,\n\t\t\t\t\t\t\t\tgridheight:780,\n\t\t\t\t\t\t\t\tspinner:\"spinner4\",\n\t\t\t\t\t\t\t\teditorheight:\"780,768,960,720\",\n\t\t\t\t\t\t\t\tresponsiveLevels:\"1240,1024,778,480\",\n\t\t\t\t\t\t\t\tdisableProgressBar:\"on\",\n\t\t\t\t\t\t\t\tnavigation: {\n\t\t\t\t\t\t\t\t\tonHoverStop:false\n\t\t\t\t\t\t\t\t},\n\t\t\t\t\t\t\t\tfallbacks: {\n\t\t\t\t\t\t\t\t\tallowHTML5AutoPlayOnAndroid:true\n\t\t\t\t\t\t\t\t},\n\t\t\t\t\t\t\t});\n\t\t\t\t\t\t}\n\t\t\t\t\t\t\n\t\t\t\t\t});\n\t\t\t\t<\/script>\n\t\t\t\t<script>\n\t\t\t\t\tvar htmlDivCss = '\t#rev_slider_12_1_wrapper rs-loader.spinner4 div { background-color: #ffffff !important; } ';\n\t\t\t\t\tvar htmlDiv = document.getElementById('rs-plugin-settings-inline-css');\n\t\t\t\t\tif(htmlDiv) {\n\t\t\t\t\t\thtmlDiv.innerHTML = htmlDiv.innerHTML + htmlDivCss;\n\t\t\t\t\t}else{\n\t\t\t\t\t\tvar htmlDiv = document.createElement('div');\n\t\t\t\t\t\thtmlDiv.innerHTML = '<style>' + htmlDivCss + '<\/style>';\n\t\t\t\t\t\tdocument.getElementsByTagName('head')[0].appendChild(htmlDiv.childNodes[0]);\n\t\t\t\t\t}\n\t\t\t\t<\/script>\n\t\t\t<\/rs-module-wrap>\n\t\t\t<!-- END REVOLUTION SLIDER -->\n[\/vc_column][\/vc_row][vc_row padding_top_multiplier=\u00bb\u00bb padding_bottom_multiplier=\u00bb\u00bb][vc_column column_custom_position=\u00bbyes\u00bb position_top=\u00bbminus-5x\u00bb width=\u00bb2\/3&#8243; css=\u00bb.vc_custom_1590503594408{border-bottom-width: 20px !important;padding-top: 5% !important;padding-right: 15% !important;padding-bottom: 6% !important;padding-left: 15% !important;background-color: #ffffff !important;border-bottom-color: #1fbaad !important;border-bottom-style: solid !important;}\u00bb font_color=\u00bb#0a0a0a\u00bb]<div class=\"grve-empty-space\" style=\"height: 20px;\"><\/div><h3 class=\"grve-element grve-title grve-align-left grve-h1 bordeTit grve-increase-heading grve-heading-120\" style=\"\"><span><span style=\"color: #000000;\"><strong>Patrimonio <\/strong>de la Humanidad<\/span><\/span><\/h3>[vc_column_text]El <strong>Camino de Santiago<\/strong>, declarado Patrimonio Mundial por la UNESCO en 2015, es un elemento hist\u00f3rico clave que se vincula a las \u00e9pocas m\u00e1s primitivas de la peregrinaci\u00f3n. El recorrido principal a su paso por Castrill\u00f3n forma parte de la ruta jacobea que recorre el <strong>Camino del Norte<\/strong> hasta su destino, Santiago de Compostela y sigue a grandes rasgos el paso del antiguo <strong>Camino Real de la Costa<\/strong>, que sirvi\u00f3 tanto para el peregrinaje como el trasiego de ganado y mercanc\u00edas.<\/p>\n<p>Su primer tramo comienza adentr\u00e1ndose por la senda rural de Coto Carcedo hasta el camino de La Plata; donde se ubica <strong>La fuente la Plata<\/strong>, un elemento de car\u00e1cter etnol\u00f3gico formado por una fuente con pil\u00f3n y un lavadero doble de finales del siglo XIX y principios del XX. Al llegar a la carretera de La Plata, sustituta del viejo Camino Real, se ubica el <strong>Castro de La Armada<\/strong>, donde se hallaron cer\u00e1micas que revelan que estuvo habitado al menos hasta la Edad Media.[\/vc_column_text]<div class=\"grve-empty-space grve-height-1x\" style=\"\"><\/div>[\/vc_column][vc_column column_custom_position=\u00bbyes\u00bb position_top=\u00bb1x\u00bb width=\u00bb1\/3&#8243; css=\u00bb.vc_custom_1597309589494{border-top-width: 1px !important;border-right-width: 1px !important;border-bottom-width: 1px !important;border-left-width: 1px !important;padding-top: 5% !important;padding-right: 5% !important;padding-bottom: 5% !important;padding-left: 5% !important;border-left-color: #999999 !important;border-left-style: solid !important;border-right-color: #999999 !important;border-right-style: solid !important;border-top-color: #999999 !important;border-top-style: solid !important;border-bottom-color: #999999 !important;border-bottom-style: solid !important;}\u00bb]<h3 class=\"grve-element grve-title grve-align-left grve-h1 bordeTit\" style=\"\"><span><strong>ETAPAS<\/strong><\/span><\/h3>[vc_column_text]Etapa 10 (Tabaza-Piedras Blancas)<br \/>\nEtapa 11 (Piedrasblancas-Muros)<\/p>\n<p><a href=\"http:\/\/tematico.asturias.es\/caminodesantiago\/\" target=\"_blank\" rel=\"noopener noreferrer\">Ver en la Topogu\u00eda del Camino de Santiago<\/a>[\/vc_column_text][\/vc_column][\/vc_row][vc_row section_type=\u00bbfullwidth\u00bb padding_top_multiplier=\u00bb\u00bb padding_bottom_multiplier=\u00bb\u00bb columns_gap=\u00bbnone\u00bb equal_column_height=\u00bbmiddle-content\u00bb mobile_equal_column_height=\u00bbfalse\u00bb][vc_column column_custom_position=\u00bbyes\u00bb position_top=\u00bbminus-2x\u00bb width=\u00bb1\/2&#8243; tablet_sm_width=\u00bb1&#8243; clipping_animation=\u00bbcolored-clipping-right\u00bb clipping_animation_colors=\u00bbprimary-2&#8243; animation_delay=\u00bb400&#8243; css=\u00bb.vc_custom_1606738069114{padding-right: 25% !important;padding-left: 25% !important;background-color: #f7f7f7 !important;}\u00bb]<div class=\"grve-empty-space grve-height-3x\" style=\"\"><\/div>[vc_column_text]Manteni\u00e9ndose en la ruta, los peregrinos caminan hacia otro espacio clave del paisaje medieval del concejo; el valle de Quilo\u00f1o, territorio por el que transcurre mayoritariamente el itinerario. En el se encuentra la <strong>Iglesia de San Miguel de Quilo\u00f1o<\/strong>, antiguo monasterio, donde se conserva el ep\u00edgrafe prerrom\u00e1nico con las reliquias que se custodiaban en el monasterio, entre ellas una de Santiago. A escasa distancia se encuentra el conjunto etnol\u00f3gico de El Ventorrillo, un n\u00facleo rural en el que hubo antiguamente una venta caminera para arrieros, peregrinos y viajeros.<\/p>\n<p>Tras cruzar el puente sobre el r\u00edo Ra\u00edces se encuentra la parroquia de Piedras Blancas, debido a su colonizaci\u00f3n tard\u00eda quedan pocos elementos considerados de un paisaje cultural antiguo. El primer edificio que aparece en el recorrido es la <strong>Casa Riesgo<\/strong>, antiguo Ayuntamiento de Castrill\u00f3n del siglo XIX y uno de los edificios civiles m\u00e1s antiguo que se conserva en el concejo; contiguo a \u00e9l est\u00e1n las <strong>Escuelas de Piedras Blancas<\/strong> del a\u00f1o 1918, catalogadas como una de las escuelas de inter\u00e9s patrimonial en Asturias; y la <strong>Iglesia de Santa Mar\u00eda<\/strong>, un ejemplo de representaci\u00f3n de la modernizaci\u00f3n del camino jacobeo y de los nuevos templos erigidos en su itinerario.[\/vc_column_text]<div class=\"grve-empty-space grve-height-3x\" style=\"\"><\/div>[\/vc_column][vc_column column_custom_position=\u00bbyes\u00bb position_top=\u00bbminus-2x\u00bb width=\u00bb1\/2&#8243; tablet_sm_width=\u00bb1&#8243; heading_color=\u00bblight\u00bb clipping_animation=\u00bbcolored-clipping-left\u00bb clipping_animation_colors=\u00bbprimary-1&#8243; animation_delay=\u00bb600&#8243; css=\u00bb.vc_custom_1606739241457{padding-right: 30% !important;padding-left: 30% !important;background-image: url(http:\/\/castrillonturismo.es\/wp-content\/uploads\/2020\/08\/ElCaminoDeSantiago-1.jpg?id=886) !important;background-position: center !important;background-repeat: no-repeat !important;background-size: cover !important;}\u00bb font_color=\u00bb#ffffff\u00bb el_wrapper_class=\u00bbmargenMovil\u00bb]<div class=\"grve-empty-space grve-height-1x\" style=\"\"><\/div>[vc_column_text]<\/p>\n<p style=\"text-align: justify;\">Dejando atr\u00e1s Piedras Blancas la ruta asciende hasta el cordal de Aranc\u00e9s-Las Vallinas, un espacio con evidencias de poblamiento romano y medieval organizado en torno al \u201cCamino del Cordel\u201d, donde debe rese\u00f1arse el yacimiento romano El Muro, situado en la cercan\u00eda.<\/p>\n<p>[\/vc_column_text]<div class=\"grve-empty-space grve-height-1x\" style=\"\"><\/div>[\/vc_column][\/vc_row][vc_row padding_top_multiplier=\u00bb2x\u00bb padding_bottom_multiplier=\u00bb3x\u00bb equal_column_height=\u00bbmiddle-content\u00bb tablet_portrait_equal_column_height=\u00bbfalse\u00bb mobile_equal_column_height=\u00bbfalse\u00bb][vc_column width=\u00bb1\/4&#8243; css=\u00bb.vc_custom_1590504456855{background-color: #1fbaad !important;}\u00bb][\/vc_column][vc_column width=\u00bb1\/2&#8243; tablet_sm_width=\u00bb1&#8243; css=\u00bb.vc_custom_1606738117292{padding-right: 5% !important;padding-left: 5% !important;}\u00bb]<h3 class=\"grve-element grve-title grve-align-left grve-h1 bordeTit grve-increase-heading grve-heading-120\" style=\"\"><span><strong>El camino<\/strong> de la costa<\/span><\/h3>[vc_column_text]Siguiendo el itinerario, la ruta atraviesa Vegarrozadas y La Lloba, siendo esta \u00faltima, la que posee una concentraci\u00f3n m\u00e1s interesante respecto a testimonios etnol\u00f3gicos propios del h\u00e1bitat rural; en ella quedan recuerdos de antiguas actividades artesanales que se realizaban como La Teyera.<\/p>\n<p>El camino concluye por la aldea de El Cueplo, un lugar que cuenta con indicios arqueol\u00f3gicos prehist\u00f3ricos y en el que hubo un asentamiento de ganaderos \u201cvaqueiros\u201d conocido como la \u201craza del Cueplo\u201d. Esta zona se\u00f1alaba en la Edad Media el l\u00edmite del territorio gobernado por el castillo de Gauz\u00f3n y el inicio de la demarcaci\u00f3n protegida por el castillo de San Mart\u00edn. Con ello, el camino de peregrinaci\u00f3n abandona las tierras del \u201cAlfoz de Castrelyon\u201d, nombre por el que se denominaba al concejo en el siglo XIII.[\/vc_column_text][\/vc_column][vc_column width=\u00bb1\/4&#8243; tablet_sm_width=\u00bbhide\u00bb mobile_width=\u00bbhide\u00bb css=\u00bb.vc_custom_1606738165152{background-image: url(http:\/\/castrillonturismo.es\/wp-content\/uploads\/2020\/08\/IglesiaCastrillon.jpg?id=891) !important;background-position: center !important;background-repeat: no-repeat !important;background-size: cover !important;}\u00bb]<div class=\"grve-empty-space grve-height-6x\" style=\"\"><\/div>[\/vc_column][\/vc_row][vc_row][vc_column desktop_hide=\u00bbhide\u00bb tablet_width=\u00bbhide\u00bb]<div class=\"grve-element grve-image grve-align-center\" style=\"\">  <div class=\"grve-image-wrapper\"><img width=\"656\" height=\"560\" src=\"https:\/\/www.castrillonturismo.es\/wp-content\/uploads\/2020\/08\/IglesiaCastrillon.jpg\" class=\"attachment-full size-full\" alt=\"\" decoding=\"async\" loading=\"lazy\" srcset=\"https:\/\/www.castrillonturismo.es\/wp-content\/uploads\/2020\/08\/IglesiaCastrillon.jpg 656w, https:\/\/www.castrillonturismo.es\/wp-content\/uploads\/2020\/08\/IglesiaCastrillon-300x256.jpg 300w\" sizes=\"(max-width: 656px) 100vw, 656px\" \/>   <\/div><\/div>[\/vc_column][\/vc_row][vc_row section_type=\u00bbfullwidth\u00bb padding_bottom_multiplier=\u00bb\u00bb columns_gap=\u00bbnone\u00bb section_id=\u00bbmapa\u00bb][vc_column][vc_column_text]<div class=\"codespacing_progress_map_area cspm_linear_gradient_bg\" data-map-id=\"map1121\" data-show-infobox=\"true\" data-infobox-display-event=\"onclick\"  style=\"width:100%;\"><input type=\"hidden\" name=\"cspm_map_page_id_map1121\" id=\"cspm_map_page_id_map1121\" value=\"865\" \/><div class=\"cspm_custom_controls\"><div class=\"cspm_map_red_msg_widget cspm_border_shadow cspm_border_radius\" data-map-id=\"map1121\"><\/div><div class=\"cspm_map_green_msg_widget cspm_border_shadow cspm_border_radius\" data-map-id=\"map1121\"><\/div><div class=\"cspm_map_orange_msg_widget cspm_border_shadow cspm_border_radius\" data-map-id=\"map1121\"><\/div><div class=\"cspm_map_blue_msg_widget cspm_border_shadow cspm_border_radius\" data-map-id=\"map1121\"><\/div><div class=\"cspm_map_help_msg_widget cspm_border_shadow cspm_border_radius\" data-map-id=\"map1121\"><\/div><div id=\"pulsating_holder\" class=\"map1121_pulsating\"><div class=\"dot cspm_border_hex\"><\/div><\/div><div class=\"cluster_posts_widget_map1121 cspm_border_shadow cspm_border_radius\"><div class=\"cspm_infobox_spinner cspm_border_top_after_hex\"><\/div><\/div><div class=\"cspm_heatmap_container\" data-map-id=\"map1121\" style=\"top:10px\"><div class=\"cspm_heatmap_btn cspm_map_btn cspm_active_btn cspm_bg_rgb_hover cspm_border_shadow cspm_border_radius\" data-map-id=\"map1121\" title=\"Toggle the Heatmap layer\" data-toggle-markers=\"no\"><img class=\"cspm_svg cspm_svg_white\" src=\"https:\/\/www.castrillonturismo.es\/wp-content\/plugins\/codespacing-progress-map\/img\/svg\/heatmap.svg\" \/><\/div><\/div><\/div><div id=\"codespacing_progress_map_div_map1121\" class=\"gmap3\" style=\"width:100%; height:100%\"><\/div><\/div>[\/vc_column_text][\/vc_column][\/vc_row]<\/p>\n","protected":false},"excerpt":{"rendered":"<p>[vc_row padding_top_multiplier=\u00bb\u00bb padding_bottom_multiplier=\u00bb\u00bb][vc_column][\/vc_column][\/vc_row][vc_row padding_top_multiplier=\u00bb\u00bb padding_bottom_multiplier=\u00bb\u00bb][vc_column column_custom_position=\u00bbyes\u00bb position_top=\u00bbminus-5x\u00bb width=\u00bb2\/3&#8243; css=\u00bb.vc_custom_1590503594408{border-bottom-width: 20px !important;padding-top: 5% !important;padding-right: 15% !important;padding-bottom: 6% !important;padding-left: 15% !important;background-color: #ffffff !important;border-bottom-color: #1fbaad !important;border-bottom-style: solid !important;}\u00bb font_color=\u00bb#0a0a0a\u00bb][vc_column_text]El Camino de Santiago, declarado Patrimonio Mundial por la UNESCO en 2015, es un elemento hist\u00f3rico clave que se vincula a las \u00e9pocas m\u00e1s primitivas de la peregrinaci\u00f3n. El recorrido [&hellip;]<\/p>\n","protected":false},"author":1,"featured_media":0,"parent":0,"menu_order":0,"comment_status":"closed","ping_status":"closed","template":"","meta":[],"yoast_head":"<!-- This site is optimized with the Yoast SEO plugin v21.0 - https:\/\/yoast.com\/wordpress\/plugins\/seo\/ -->\n<title>El Camino de Santiago - Castrill\u00f3n Turismo<\/title>\n<meta name=\"robots\" content=\"index, follow, max-snippet:-1, max-image-preview:large, max-video-preview:-1\" \/>\n<link rel=\"canonical\" href=\"https:\/\/www.castrillonturismo.es\/castrillon\/el-camino-de-santiago\/\" \/>\n<meta property=\"og:locale\" content=\"es_ES\" \/>\n<meta property=\"og:type\" content=\"article\" \/>\n<meta property=\"og:title\" content=\"El Camino de Santiago - Castrill\u00f3n Turismo\" \/>\n<meta property=\"og:description\" content=\"[vc_row padding_top_multiplier=\u00bb\u00bb padding_bottom_multiplier=\u00bb\u00bb][vc_column][\/vc_column][\/vc_row][vc_row padding_top_multiplier=\u00bb\u00bb padding_bottom_multiplier=\u00bb\u00bb][vc_column column_custom_position=\u00bbyes\u00bb position_top=\u00bbminus-5x\u00bb width=\u00bb2\/3&#8243; css=\u00bb.vc_custom_1590503594408{border-bottom-width: 20px !important;padding-top: 5% !important;padding-right: 15% !important;padding-bottom: 6% !important;padding-left: 15% !important;background-color: #ffffff !important;border-bottom-color: #1fbaad !important;border-bottom-style: solid !important;}\u00bb font_color=\u00bb#0a0a0a\u00bb][vc_column_text]El Camino de Santiago, declarado Patrimonio Mundial por la UNESCO en 2015, es un elemento hist\u00f3rico clave que se vincula a las \u00e9pocas m\u00e1s primitivas de la peregrinaci\u00f3n. El recorrido [&hellip;]\" \/>\n<meta property=\"og:url\" content=\"https:\/\/www.castrillonturismo.es\/castrillon\/el-camino-de-santiago\/\" \/>\n<meta property=\"og:site_name\" content=\"Castrill\u00f3n Turismo\" \/>\n<meta property=\"article:modified_time\" content=\"2020-12-15T11:11:38+00:00\" \/>\n<meta property=\"og:image\" content=\"https:\/\/www.castrillonturismo.es\/wp-content\/uploads\/2020\/05\/cropped-banner-turismo.png\" \/>\n\t<meta property=\"og:image:width\" content=\"512\" \/>\n\t<meta property=\"og:image:height\" content=\"512\" \/>\n\t<meta property=\"og:image:type\" content=\"image\/png\" \/>\n<meta name=\"twitter:card\" content=\"summary_large_image\" \/>\n<meta name=\"twitter:label1\" content=\"Tiempo de lectura\" \/>\n\t<meta name=\"twitter:data1\" content=\"5 minutos\" \/>\n<script type=\"application\/ld+json\" class=\"yoast-schema-graph\">{\"@context\":\"https:\/\/schema.org\",\"@graph\":[{\"@type\":\"WebPage\",\"@id\":\"https:\/\/www.castrillonturismo.es\/castrillon\/el-camino-de-santiago\/\",\"url\":\"https:\/\/www.castrillonturismo.es\/castrillon\/el-camino-de-santiago\/\",\"name\":\"El Camino de Santiago - Castrill\u00f3n Turismo\",\"isPartOf\":{\"@id\":\"https:\/\/www.castrillonturismo.es\/castrillon\/#website\"},\"datePublished\":\"2020-08-13T08:38:13+00:00\",\"dateModified\":\"2020-12-15T11:11:38+00:00\",\"breadcrumb\":{\"@id\":\"https:\/\/www.castrillonturismo.es\/castrillon\/el-camino-de-santiago\/#breadcrumb\"},\"inLanguage\":\"es\",\"potentialAction\":[{\"@type\":\"ReadAction\",\"target\":[\"https:\/\/www.castrillonturismo.es\/castrillon\/el-camino-de-santiago\/\"]}]},{\"@type\":\"BreadcrumbList\",\"@id\":\"https:\/\/www.castrillonturismo.es\/castrillon\/el-camino-de-santiago\/#breadcrumb\",\"itemListElement\":[{\"@type\":\"ListItem\",\"position\":1,\"name\":\"Portada\",\"item\":\"https:\/\/www.castrillonturismo.es\/castrillon\/\"},{\"@type\":\"ListItem\",\"position\":2,\"name\":\"El Camino de Santiago\"}]},{\"@type\":\"WebSite\",\"@id\":\"https:\/\/www.castrillonturismo.es\/castrillon\/#website\",\"url\":\"https:\/\/www.castrillonturismo.es\/castrillon\/\",\"name\":\"Castrill\u00f3n Turismo\",\"description\":\"\",\"publisher\":{\"@id\":\"https:\/\/www.castrillonturismo.es\/castrillon\/#organization\"},\"potentialAction\":[{\"@type\":\"SearchAction\",\"target\":{\"@type\":\"EntryPoint\",\"urlTemplate\":\"https:\/\/www.castrillonturismo.es\/castrillon\/?s={search_term_string}\"},\"query-input\":\"required name=search_term_string\"}],\"inLanguage\":\"es\"},{\"@type\":\"Organization\",\"@id\":\"https:\/\/www.castrillonturismo.es\/castrillon\/#organization\",\"name\":\"Castrill\u00f3n Turismo\",\"url\":\"https:\/\/www.castrillonturismo.es\/castrillon\/\",\"logo\":{\"@type\":\"ImageObject\",\"inLanguage\":\"es\",\"@id\":\"https:\/\/www.castrillonturismo.es\/castrillon\/#\/schema\/logo\/image\/\",\"url\":\"https:\/\/www.castrillonturismo.es\/wp-content\/uploads\/2020\/05\/cropped-banner-turismo.png\",\"contentUrl\":\"https:\/\/www.castrillonturismo.es\/wp-content\/uploads\/2020\/05\/cropped-banner-turismo.png\",\"width\":512,\"height\":512,\"caption\":\"Castrill\u00f3n Turismo\"},\"image\":{\"@id\":\"https:\/\/www.castrillonturismo.es\/castrillon\/#\/schema\/logo\/image\/\"}}]}<\/script>\n<!-- \/ Yoast SEO plugin. -->","yoast_head_json":{"title":"El Camino de Santiago - Castrill\u00f3n Turismo","robots":{"index":"index","follow":"follow","max-snippet":"max-snippet:-1","max-image-preview":"max-image-preview:large","max-video-preview":"max-video-preview:-1"},"canonical":"https:\/\/www.castrillonturismo.es\/castrillon\/el-camino-de-santiago\/","og_locale":"es_ES","og_type":"article","og_title":"El Camino de Santiago - Castrill\u00f3n Turismo","og_description":"[vc_row padding_top_multiplier=\u00bb\u00bb padding_bottom_multiplier=\u00bb\u00bb][vc_column][\/vc_column][\/vc_row][vc_row padding_top_multiplier=\u00bb\u00bb padding_bottom_multiplier=\u00bb\u00bb][vc_column column_custom_position=\u00bbyes\u00bb position_top=\u00bbminus-5x\u00bb width=\u00bb2\/3&#8243; css=\u00bb.vc_custom_1590503594408{border-bottom-width: 20px !important;padding-top: 5% !important;padding-right: 15% !important;padding-bottom: 6% !important;padding-left: 15% !important;background-color: #ffffff !important;border-bottom-color: #1fbaad !important;border-bottom-style: solid !important;}\u00bb font_color=\u00bb#0a0a0a\u00bb][vc_column_text]El Camino de Santiago, declarado Patrimonio Mundial por la UNESCO en 2015, es un elemento hist\u00f3rico clave que se vincula a las \u00e9pocas m\u00e1s primitivas de la peregrinaci\u00f3n. El recorrido [&hellip;]","og_url":"https:\/\/www.castrillonturismo.es\/castrillon\/el-camino-de-santiago\/","og_site_name":"Castrill\u00f3n Turismo","article_modified_time":"2020-12-15T11:11:38+00:00","og_image":[{"width":512,"height":512,"url":"https:\/\/www.castrillonturismo.es\/wp-content\/uploads\/2020\/05\/cropped-banner-turismo.png","type":"image\/png"}],"twitter_card":"summary_large_image","twitter_misc":{"Tiempo de lectura":"5 minutos"},"schema":{"@context":"https:\/\/schema.org","@graph":[{"@type":"WebPage","@id":"https:\/\/www.castrillonturismo.es\/castrillon\/el-camino-de-santiago\/","url":"https:\/\/www.castrillonturismo.es\/castrillon\/el-camino-de-santiago\/","name":"El Camino de Santiago - Castrill\u00f3n Turismo","isPartOf":{"@id":"https:\/\/www.castrillonturismo.es\/castrillon\/#website"},"datePublished":"2020-08-13T08:38:13+00:00","dateModified":"2020-12-15T11:11:38+00:00","breadcrumb":{"@id":"https:\/\/www.castrillonturismo.es\/castrillon\/el-camino-de-santiago\/#breadcrumb"},"inLanguage":"es","potentialAction":[{"@type":"ReadAction","target":["https:\/\/www.castrillonturismo.es\/castrillon\/el-camino-de-santiago\/"]}]},{"@type":"BreadcrumbList","@id":"https:\/\/www.castrillonturismo.es\/castrillon\/el-camino-de-santiago\/#breadcrumb","itemListElement":[{"@type":"ListItem","position":1,"name":"Portada","item":"https:\/\/www.castrillonturismo.es\/castrillon\/"},{"@type":"ListItem","position":2,"name":"El Camino de Santiago"}]},{"@type":"WebSite","@id":"https:\/\/www.castrillonturismo.es\/castrillon\/#website","url":"https:\/\/www.castrillonturismo.es\/castrillon\/","name":"Castrill\u00f3n Turismo","description":"","publisher":{"@id":"https:\/\/www.castrillonturismo.es\/castrillon\/#organization"},"potentialAction":[{"@type":"SearchAction","target":{"@type":"EntryPoint","urlTemplate":"https:\/\/www.castrillonturismo.es\/castrillon\/?s={search_term_string}"},"query-input":"required name=search_term_string"}],"inLanguage":"es"},{"@type":"Organization","@id":"https:\/\/www.castrillonturismo.es\/castrillon\/#organization","name":"Castrill\u00f3n Turismo","url":"https:\/\/www.castrillonturismo.es\/castrillon\/","logo":{"@type":"ImageObject","inLanguage":"es","@id":"https:\/\/www.castrillonturismo.es\/castrillon\/#\/schema\/logo\/image\/","url":"https:\/\/www.castrillonturismo.es\/wp-content\/uploads\/2020\/05\/cropped-banner-turismo.png","contentUrl":"https:\/\/www.castrillonturismo.es\/wp-content\/uploads\/2020\/05\/cropped-banner-turismo.png","width":512,"height":512,"caption":"Castrill\u00f3n Turismo"},"image":{"@id":"https:\/\/www.castrillonturismo.es\/castrillon\/#\/schema\/logo\/image\/"}}]}},"_links":{"self":[{"href":"https:\/\/www.castrillonturismo.es\/castrillon\/wp-json\/wp\/v2\/pages\/865"}],"collection":[{"href":"https:\/\/www.castrillonturismo.es\/castrillon\/wp-json\/wp\/v2\/pages"}],"about":[{"href":"https:\/\/www.castrillonturismo.es\/castrillon\/wp-json\/wp\/v2\/types\/page"}],"author":[{"embeddable":true,"href":"https:\/\/www.castrillonturismo.es\/castrillon\/wp-json\/wp\/v2\/users\/1"}],"replies":[{"embeddable":true,"href":"https:\/\/www.castrillonturismo.es\/castrillon\/wp-json\/wp\/v2\/comments?post=865"}],"version-history":[{"count":34,"href":"https:\/\/www.castrillonturismo.es\/castrillon\/wp-json\/wp\/v2\/pages\/865\/revisions"}],"predecessor-version":[{"id":1288,"href":"https:\/\/www.castrillonturismo.es\/castrillon\/wp-json\/wp\/v2\/pages\/865\/revisions\/1288"}],"wp:attachment":[{"href":"https:\/\/www.castrillonturismo.es\/castrillon\/wp-json\/wp\/v2\/media?parent=865"}],"curies":[{"name":"wp","href":"https:\/\/api.w.org\/{rel}","templated":true}]}}